{"id":32,"date":"2020-05-06T13:48:06","date_gmt":"2020-05-06T13:48:06","guid":{"rendered":"http:\/\/zkredawszpilkach.edu.pl\/?page_id=32"},"modified":"2023-11-30T16:42:26","modified_gmt":"2023-11-30T16:42:26","slug":"o-mnie","status":"publish","type":"page","link":"http:\/\/zkredawszpilkach.edu.pl\/?page_id=32","title":{"rendered":"O mnie!"},"content":{"rendered":"\n<h4 class=\"wp-block-heading has-text-align-center has-pale-cyan-blue-color has-text-color\">Z kred\u0105 w szpilkach &#8211; nowa lepsza wersja \ud83d\ude00<\/h4>\n\n\n\n<p class=\"has-drop-cap\">Pierwszego takiego mojego prawdziwego bloga w \u017cyciu za\u0142o\u017cy\u0142am w maju 2 lata temu (mo\u017ce kto\u015b na niego si\u0119 natkn\u0105\u0142), ale rok p\u00f3\u017aniej pojawi\u0142 si\u0119 na nim jaki\u015b wirus. Pa\u0144stwo, u kt\u00f3rych mia\u0142am wykupiony serwer nie byli w stanie mi pom\u00f3c. Ja do wielkich informatyk\u00f3w nie nale\u017c\u0119 i sobie z tym problem nie potrafi\u0142am poradzi\u0107, a wydawa\u0107 maj\u0105tku te\u017c nie chcia\u0142am, wi\u0119c postanowi\u0142am przeczeka\u0107 i nie przed\u0142u\u017ca\u0107 kolejnej umowy (i tak min\u0119\u0142o 10 miesi\u0119cy). Stara\u0142am si\u0119 dalej funkcjonowa\u0107 na FB, ale jednak to nie to samo. Cierpliwie czeka\u0142am i pomys\u0142y zbiera\u0142am.<\/p>\n\n\n\n<p>Po tym kr\u00f3tkim wst\u0119pie, zaczn\u0119 jeszcze raz od przedstawienia siebie.<\/p>\n\n\n\n<p>Tak jak wtedy, tak i teraz chc\u0119 prowadzi\u0107 bloga ze skarbnic\u0105 pomys\u0142\u00f3w (nie tylko moich!) do wykorzystania podczas zaj\u0119\u0107 z dzie\u0107mi. Dlatego postanowi\u0142am stworzy\u0107 zbi\u00f3r materia\u0142\u00f3w -w\u0142asnych, ale te\u017c zaczerpni\u0119tych z pomys\u0142\u00f3w innych,  kt\u00f3rymi chcia\u0142abym si\u0119 z Wami podzieli\u0107.<\/p>\n\n\n\n<p>Mam nadziej\u0119, \u017ce tym razem prowadzenie bloga w moim wykonaniu b\u0119dzie zdecydowanie lepsze oraz \u017ce pos\u0142u\u017cy mi na d\u0142u\u017cszy czas i b\u0119d\u0119 z niego dumna, tak jak z poprzedniego, bo mimo wszystko zrobi\u0142am go SAMA i by\u0142am zadowolona, oby z tym by\u0142o podobnie.<\/p>\n\n\n\n<p>W zesz\u0142ym roku po raz drugi obj\u0119\u0142am wychowawstwo na kolejne 3 lata. Kreatywna, pe\u0142na zapa\u0142u i ch\u0119ci pracy z dzie\u0107mi i milion pomys\u0142\u00f3w na minut\u0119 o to ca\u0142a JA. Pracuj\u0119 w szkole podstawowej jako nauczyciel edukacji wczesnoszkolnej, st\u0105d te\u017c w nazwie bloga KREDA.<\/p>\n\n\n\n<p>Odk\u0105d pami\u0119tam, jak i pewnie wi\u0119kszo\u015b\u0107 z Was b\u0119d\u0105c dzieckiem bawi\u0142o si\u0119 w szko\u0142\u0119 i marzy\u0142o o tym, aby kiedy\u015b, zosta\u0107 belfrem. Takie te\u017c by\u0142o moje marzenie, wi\u0119c kiedy przyszed\u0142 czas wyboru drogi to wiedzia\u0142am czego chc\u0119 i kim chc\u0119 zosta\u0107.<\/p>\n\n\n\n<p>Nazwa bloga <em>Z kred\u0105 w szpilkach<\/em> wzi\u0119\u0142a si\u0119 od dw\u00f3ch przedmiot\u00f3w, kt\u00f3re wiele m\u00f3wi\u0105 o mnie.<\/p>\n\n\n\n<p>Kreda wi\u0105\u017ce si\u0119 z moim spe\u0142nionym marzeniem, natomiast szpilki s\u0105 atrybutem dodatkowym, kt\u00f3ry jest niezb\u0119dnym elementem mojego stroju.<\/p>\n\n\n\n<p>Te dwie rzeczy mog\u0119 ze sob\u0105 \u0142\u0105czy\u0107 i my\u015bl\u0119, \u017ce doskonale ze sob\u0105 pasuj\u0105 i by\u0107 Pani\u0105 Nauczycielk\u0105 z kred\u0105 przy tablicy w szpilkach. Dlaczego by nie?<\/p>\n\n\n\n<figure class=\"wp-block-gallery has-nested-images columns-default is-cropped wp-block-gallery-1 is-layout-flex wp-block-gallery-is-layout-flex\">\n<figure class=\"wp-block-image size-large\"><img decoding=\"async\" data-id=\"11\" src=\"http:\/\/zkredawszpilkach.edu.pl\/wp-content\/uploads\/2020\/05\/logo-z-kred?-w-szpilkach.png\" alt=\"\" class=\"wp-image-11\"\/><\/figure>\n<\/figure>\n","protected":false},"excerpt":{"rendered":"<p>Z kred\u0105 w szpilkach &#8211; nowa lepsza wersja \ud83d\ude00 Pierwszego takiego mojego prawdziwego bloga w \u017cyciu za\u0142o\u017cy\u0142am w maju 2 lata temu (mo\u017ce kto\u015b na niego si\u0119 natkn\u0105\u0142), ale rok p\u00f3\u017aniej pojawi\u0142 si\u0119 na nim jaki\u015b wirus. Pa\u0144stwo, u kt\u00f3rych mia\u0142am wykupiony serwer nie byli w stanie mi pom\u00f3c. Ja do wielkich informatyk\u00f3w nie nale\u017c\u0119 i sobie z tym problem nie potrafi\u0142am poradzi\u0107, a wydawa\u0107 maj\u0105tku te\u017c nie chcia\u0142am, wi\u0119c postanowi\u0142am przeczeka\u0107 i nie przed\u0142u\u017ca\u0107 kolejnej umowy (i tak min\u0119\u0142o 10 miesi\u0119cy). Stara\u0142am si\u0119 dalej funkcjonowa\u0107 na FB, ale jednak to nie to samo. Cierpliwie czeka\u0142am i pomys\u0142y zbiera\u0142am. Po tym kr\u00f3tkim wst\u0119pie, zaczn\u0119 jeszcze raz od przedstawienia siebie. Tak jak wtedy, tak i teraz chc\u0119 prowadzi\u0107 bloga ze skarbnic\u0105 pomys\u0142\u00f3w (nie tylko moich!) do wykorzystania podczas zaj\u0119\u0107 z dzie\u0107mi. Dlatego postanowi\u0142am stworzy\u0107 zbi\u00f3r materia\u0142\u00f3w -w\u0142asnych, ale te\u017c zaczerpni\u0119tych z pomys\u0142\u00f3w innych, kt\u00f3rymi chcia\u0142abym si\u0119 z Wami podzieli\u0107. Mam nadziej\u0119, \u017ce tym razem prowadzenie bloga w moim wykonaniu b\u0119dzie zdecydowanie lepsze oraz \u017ce pos\u0142u\u017cy mi na d\u0142u\u017cszy czas i b\u0119d\u0119 z niego dumna, tak jak z poprzedniego, bo mimo wszystko zrobi\u0142am go SAMA i by\u0142am zadowolona, oby z tym by\u0142o podobnie. W zesz\u0142ym roku po raz drugi obj\u0119\u0142am wychowawstwo na kolejne 3 lata. Kreatywna, pe\u0142na zapa\u0142u i ch\u0119ci pracy z dzie\u0107mi i milion pomys\u0142\u00f3w na minut\u0119 o to ca\u0142a JA. Pracuj\u0119 w szkole podstawowej jako nauczyciel edukacji wczesnoszkolnej, st\u0105d te\u017c w nazwie bloga KREDA. Odk\u0105d pami\u0119tam, jak i pewnie wi\u0119kszo\u015b\u0107 z Was b\u0119d\u0105c dzieckiem bawi\u0142o si\u0119 w szko\u0142\u0119 i marzy\u0142o o tym, aby kiedy\u015b, zosta\u0107 belfrem. Takie te\u017c by\u0142o moje marzenie, wi\u0119c kiedy przyszed\u0142 czas wyboru drogi to wiedzia\u0142am czego chc\u0119 i kim chc\u0119 zosta\u0107. Nazwa bloga Z kred\u0105 w szpilkach wzi\u0119\u0142a si\u0119 od dw\u00f3ch przedmiot\u00f3w, kt\u00f3re wiele m\u00f3wi\u0105 o mnie. Kreda wi\u0105\u017ce si\u0119 z moim spe\u0142nionym marzeniem, natomiast szpilki s\u0105 atrybutem dodatkowym, kt\u00f3ry jest niezb\u0119dnym elementem mojego stroju. Te dwie rzeczy mog\u0119 ze sob\u0105 \u0142\u0105czy\u0107 i my\u015bl\u0119, \u017ce doskonale ze sob\u0105 pasuj\u0105 i by\u0107 Pani\u0105 Nauczycielk\u0105 z kred\u0105 przy tablicy w szpilkach. Dlaczego by nie?<\/p>\n","protected":false},"author":7,"featured_media":33,"parent":0,"menu_order":0,"comment_status":"open","ping_status":"closed","template":"","meta":{"footnotes":""},"class_list":["post-32","page","type-page","status-publish","has-post-thumbnail","hentry"],"_links":{"self":[{"href":"http:\/\/zkredawszpilkach.edu.pl\/index.php?rest_route=\/wp\/v2\/pages\/32","targetHints":{"allow":["GET"]}}],"collection":[{"href":"http:\/\/zkredawszpilkach.edu.pl\/index.php?rest_route=\/wp\/v2\/pages"}],"about":[{"href":"http:\/\/zkredawszpilkach.edu.pl\/index.php?rest_route=\/wp\/v2\/types\/page"}],"author":[{"embeddable":true,"href":"http:\/\/zkredawszpilkach.edu.pl\/index.php?rest_route=\/wp\/v2\/users\/7"}],"replies":[{"embeddable":true,"href":"http:\/\/zkredawszpilkach.edu.pl\/index.php?rest_route=%2Fwp%2Fv2%2Fcomments&post=32"}],"version-history":[{"count":7,"href":"http:\/\/zkredawszpilkach.edu.pl\/index.php?rest_route=\/wp\/v2\/pages\/32\/revisions"}],"predecessor-version":[{"id":446,"href":"http:\/\/zkredawszpilkach.edu.pl\/index.php?rest_route=\/wp\/v2\/pages\/32\/revisions\/446"}],"wp:featuredmedia":[{"embeddable":true,"href":"http:\/\/zkredawszpilkach.edu.pl\/index.php?rest_route=\/wp\/v2\/media\/33"}],"wp:attachment":[{"href":"http:\/\/zkredawszpilkach.edu.pl\/index.php?rest_route=%2Fwp%2Fv2%2Fmedia&parent=32"}],"curies":[{"name":"wp","href":"https:\/\/api.w.org\/{rel}","templated":true}]}}